{"id":57642,"date":"2020-12-26T14:43:59","date_gmt":"2020-12-26T11:43:59","guid":{"rendered":"http:\/\/www.aspendospatent.com\/?page_id=57642"},"modified":"2023-10-13T19:59:17","modified_gmt":"2023-10-13T16:59:17","slug":"ana-sayfa","status":"publish","type":"page","link":"https:\/\/www.aspendospatent.com\/en\/","title":{"rendered":"HOME"},"content":{"rendered":"<p>[vc_row full_height=&#8221;yes&#8221; bg_type=&#8221;image&#8221; parallax_style=&#8221;vcpb-vz-jquery&#8221; bg_image_new=&#8221;id^57586|url^http:\/\/www.aspendospatent.com\/wp-content\/uploads\/2020\/12\/aspendos_patent_main.jpg|caption^null|alt^null|title^aspendos_patent_main|description^null&#8221; bg_image_repeat=&#8221;no-repeat&#8221; bg_override=&#8221;full&#8221; enable_overlay=&#8221;enable_overlay_value&#8221; overlay_color=&#8221;rgba(0,0,0,0.5)&#8221; type=&#8221;vc_default&#8221; css=&#8221;.vc_custom_1608487807710{padding-top: 50px !important;padding-bottom: 50px !important;background-color: #000000 !important;}&#8221;][vc_column css=&#8221;.vc_custom_1572695028731{padding-top: 10% !important;}&#8221;][vc_row_inner content_placement=&#8221;middle&#8221;][vc_column_inner width=&#8221;1\/2&#8243; offset=&#8221;vc_col-lg-8 vc_col-md-7 vc_col-xs-12&#8243; css=&#8221;.vc_custom_1572695046158{margin-bottom: 80px !important;}&#8221;]<div id=\"ultimate-heading-630569e5887dc2d96\" class=\"uvc-heading ult-adjust-bottom-margin ultimate-heading-630569e5887dc2d96 uvc-5808 accent-subtitle-color\" data-hspacer=\"no_spacer\"  data-halign=\"left\" style=\"text-align:left\"><div class=\"uvc-heading-spacer no_spacer\" style=\"top\"><\/div><div class=\"uvc-main-heading ult-responsive\"  data-ultimate-target='.uvc-heading.ultimate-heading-630569e5887dc2d96 h2'  data-responsive-json-new='{\"font-size\":\"desktop:120px;tablet:90px;tablet_portrait:80px;mobile_landscape:64px;mobile:40px;\",\"line-height\":\"desktop:130px;tablet:100px;tablet_portrait:90px;mobile_landscape:74px;mobile:50px;\"}' ><h2 style=\"font-weight:bold;color:#ffffff;margin-bottom:10px;\">Aspendos Patent<\/h2><\/div><div class=\"uvc-sub-heading ult-responsive\"  data-ultimate-target='.uvc-heading.ultimate-heading-630569e5887dc2d96 .uvc-sub-heading '  data-responsive-json-new='{\"font-size\":\"desktop:40px;tablet:32px;tablet_portrait:28px;mobile_landscape:24px;mobile:20px;\",\"line-height\":\"desktop:50px;tablet:42px;tablet_portrait:38px;mobile_landscape:34px;mobile:30px;\"}'  style=\"font-weight:bold;\">Your ideas and values will grow with us.<\/div><\/div>[\/vc_column_inner][\/vc_row_inner][\/vc_column][vc_column width=&#8221;1\/2&#8243; css=&#8221;.vc_custom_1572694519376{margin-bottom: 30px !important;margin-left: 25px !important;border-left-width: 5px !important;padding-top: 5px !important;padding-left: 25px !important;border-left-color: rgba(255,255,255,0.3) !important;border-left-style: solid !important;}&#8221; offset=&#8221;vc_col-lg-3 vc_col-md-3&#8243;][\/vc_column][\/vc_row][vc_row type=&#8221;vc_default&#8221; css=&#8221;.vc_custom_1572696203743{padding-top: 90px !important;padding-bottom: 70px !important;}&#8221;][vc_column offset=&#8221;vc_col-lg-offset-0 vc_col-lg-12 vc_col-md-offset-0 vc_col-md-12 vc_col-sm-offset-0 vc_col-xs-12&#8243;][vc_row_inner][vc_column_inner width=&#8221;1\/3&#8243;]<style type=\"text\/css\" data-type=\"the7_shortcodes-inline-css\">.icon-with-text-shortcode.icon-text-id-d89b83cd94e5a4bcf296e203e5da2fc3 .text-icon {\n  width: 90px;\n  height: 90px;\n  line-height: 90px;\n  font-size: 40px;\n  border-radius: 200px;\n  margin: 0px 0px 20px 0px;\n}\n.icon-with-text-shortcode.icon-text-id-d89b83cd94e5a4bcf296e203e5da2fc3 .text-icon .icon-inner {\n  min-width: 90px;\n  min-height: 90px;\n  border-radius: 200px;\n}\n@media all and (-ms-high-contrast: none) {\n  .icon-with-text-shortcode.icon-text-id-d89b83cd94e5a4bcf296e203e5da2fc3 .text-icon .icon-inner {\n    height: 90px;\n  }\n}\n.icon-with-text-shortcode.icon-text-id-d89b83cd94e5a4bcf296e203e5da2fc3 .text-icon .dt-hover-icon {\n  line-height: 90px;\n}\n.icon-with-text-shortcode.icon-text-id-d89b83cd94e5a4bcf296e203e5da2fc3 .text-icon:before,\n.icon-with-text-shortcode.icon-text-id-d89b83cd94e5a4bcf296e203e5da2fc3 .text-icon:after,\n.icon-with-text-shortcode.icon-text-id-d89b83cd94e5a4bcf296e203e5da2fc3 .text-icon .icon-inner:before,\n.icon-with-text-shortcode.icon-text-id-d89b83cd94e5a4bcf296e203e5da2fc3 .text-icon .icon-inner:after {\n  min-width: 100%;\n  min-height: 100%;\n  padding: inherit;\n  border-radius: inherit;\n}\n#page .icon-with-text-shortcode.icon-text-id-d89b83cd94e5a4bcf296e203e5da2fc3 .text-icon.dt-icon-bg-on .icon-inner:before,\n#phantom .icon-with-text-shortcode.icon-text-id-d89b83cd94e5a4bcf296e203e5da2fc3 .text-icon.dt-icon-bg-on .icon-inner:before {\n  background: rgba(0,0,0,0.05);\n}\n.icon-with-text-shortcode.icon-text-id-d89b83cd94e5a4bcf296e203e5da2fc3 .text-icon.dt-icon-border-on:before {\n  border-width: 0px;\n  border-style: solid;\n}\n.dt-icon-border-dashed.icon-with-text-shortcode.icon-text-id-d89b83cd94e5a4bcf296e203e5da2fc3 .text-icon.dt-icon-border-on:before {\n  border-style: dashed;\n}\n.dt-icon-border-dotted.icon-with-text-shortcode.icon-text-id-d89b83cd94e5a4bcf296e203e5da2fc3 .text-icon.dt-icon-border-on:before {\n  border-style: dotted;\n}\n.dt-icon-border-double.icon-with-text-shortcode.icon-text-id-d89b83cd94e5a4bcf296e203e5da2fc3 .text-icon.dt-icon-border-on:before {\n  border-style: double;\n}\n.icon-with-text-shortcode.icon-text-id-d89b83cd94e5a4bcf296e203e5da2fc3 .text-icon.dt-icon-border-dashed.dt-icon-border-on:before {\n  border-style: dashed;\n}\n.icon-with-text-shortcode.icon-text-id-d89b83cd94e5a4bcf296e203e5da2fc3 .text-icon.dt-icon-border-dotted.dt-icon-border-on:before {\n  border-style: dotted;\n}\n.icon-with-text-shortcode.icon-text-id-d89b83cd94e5a4bcf296e203e5da2fc3 .text-icon.dt-icon-border-double.dt-icon-border-on:before {\n  border-style: double;\n}\n.icon-with-text-shortcode.icon-text-id-d89b83cd94e5a4bcf296e203e5da2fc3 .text-icon.dt-icon-hover-border-on:after {\n  border-width: 0px;\n  border-style: solid;\n}\n.icon-with-text-shortcode.icon-text-id-d89b83cd94e5a4bcf296e203e5da2fc3 .text-icon.dt-icon-border-dashed.dt-icon-hover-border-on:after {\n  border-style: dashed;\n}\n.icon-with-text-shortcode.icon-text-id-d89b83cd94e5a4bcf296e203e5da2fc3 .text-icon.dt-icon-border-dotted.dt-icon-hover-border-on:after {\n  border-style: dotted;\n}\n.icon-with-text-shortcode.icon-text-id-d89b83cd94e5a4bcf296e203e5da2fc3 .text-icon.dt-icon-border-double.dt-icon-hover-border-on:after {\n  border-style: double;\n}\n.icon-with-text-shortcode.icon-text-id-d89b83cd94e5a4bcf296e203e5da2fc3 .text-icon.dt-icon-hover-on:hover {\n  font-size: 40px;\n}\n#page .icon-with-text-shortcode.icon-text-id-d89b83cd94e5a4bcf296e203e5da2fc3 .text-icon.dt-icon-hover-on:hover .soc-font-icon,\n#phantom .icon-with-text-shortcode.icon-text-id-d89b83cd94e5a4bcf296e203e5da2fc3 .text-icon.dt-icon-hover-on:hover .soc-font-icon,\n#page .icon-with-text-shortcode.icon-text-id-d89b83cd94e5a4bcf296e203e5da2fc3 .text-icon.dt-icon-hover-on:hover .soc-icon,\n#phantom .icon-with-text-shortcode.icon-text-id-d89b83cd94e5a4bcf296e203e5da2fc3 .text-icon.dt-icon-hover-on:hover .soc-icon {\n  color: #fff;\n  background: none;\n}\n.icon-with-text-shortcode.icon-text-id-d89b83cd94e5a4bcf296e203e5da2fc3.layout-1 {\n  grid-template-columns: 90px minmax(0,1fr);\n  grid-column-gap: 0px;\n}\n.icon-with-text-shortcode.icon-text-id-d89b83cd94e5a4bcf296e203e5da2fc3.layout-2 {\n  grid-template-columns: minmax(0,1fr) 90px;\n  grid-column-gap: 0px;\n}\n.icon-with-text-shortcode.icon-text-id-d89b83cd94e5a4bcf296e203e5da2fc3.layout-2 .text-icon {\n  margin-left: 0;\n}\n.icon-with-text-shortcode.icon-text-id-d89b83cd94e5a4bcf296e203e5da2fc3.layout-3 {\n  grid-template-columns: 90px minmax(0,1fr);\n}\n.icon-with-text-shortcode.icon-text-id-d89b83cd94e5a4bcf296e203e5da2fc3.layout-3 .dt-text-title {\n  margin-left: 0px;\n}\n.icon-with-text-shortcode.icon-text-id-d89b83cd94e5a4bcf296e203e5da2fc3 .dt-text-title,\n.icon-with-text-shortcode.icon-text-id-d89b83cd94e5a4bcf296e203e5da2fc3 .dt-text-title a {\n  font-weight: bold;\n}\n.icon-with-text-shortcode.icon-text-id-d89b83cd94e5a4bcf296e203e5da2fc3 .dt-text-title {\n  margin-bottom: 10px;\n}\n.icon-with-text-shortcode.icon-text-id-d89b83cd94e5a4bcf296e203e5da2fc3 .dt-text-desc {\n  margin-bottom: 0px;\n}\n.icon-with-text-shortcode.icon-text-id-d89b83cd94e5a4bcf296e203e5da2fc3 .default-btn-shortcode * {\n  vertical-align: middle;\n}\n<\/style><div class=\"icon-with-text-shortcode  icon-text-id-d89b83cd94e5a4bcf296e203e5da2fc3 layout-5  \" ><span   class=\"text-icon dt-icon-bg-on dt-icon-hover-off\" ><span class=\"icon-inner\"><i class=\"dt-regular-icon soc-icon far fa-calendar-check\"><\/i><i class=\"dt-hover-icon soc-icon far fa-calendar-check\"><\/i><\/span><\/span><h4 class=\"dt-text-title\"  >Saving on Time<\/h4><div class=\"dt-text-desc\">We offer fast solutions without wasting time with bureaucratic and unnecessary procedures.<\/div><\/div>[\/vc_column_inner][vc_column_inner width=&#8221;1\/3&#8243;]<style type=\"text\/css\" data-type=\"the7_shortcodes-inline-css\">.icon-with-text-shortcode.icon-text-id-5292012856030046e8e1a106f6f4d026 .text-icon {\n  width: 90px;\n  height: 90px;\n  line-height: 90px;\n  font-size: 40px;\n  border-radius: 200px;\n  margin: 0px 0px 20px 0px;\n}\n.icon-with-text-shortcode.icon-text-id-5292012856030046e8e1a106f6f4d026 .text-icon .icon-inner {\n  min-width: 90px;\n  min-height: 90px;\n  border-radius: 200px;\n}\n@media all and (-ms-high-contrast: none) {\n  .icon-with-text-shortcode.icon-text-id-5292012856030046e8e1a106f6f4d026 .text-icon .icon-inner {\n    height: 90px;\n  }\n}\n.icon-with-text-shortcode.icon-text-id-5292012856030046e8e1a106f6f4d026 .text-icon .dt-hover-icon {\n  line-height: 90px;\n}\n.icon-with-text-shortcode.icon-text-id-5292012856030046e8e1a106f6f4d026 .text-icon:before,\n.icon-with-text-shortcode.icon-text-id-5292012856030046e8e1a106f6f4d026 .text-icon:after,\n.icon-with-text-shortcode.icon-text-id-5292012856030046e8e1a106f6f4d026 .text-icon .icon-inner:before,\n.icon-with-text-shortcode.icon-text-id-5292012856030046e8e1a106f6f4d026 .text-icon .icon-inner:after {\n  min-width: 100%;\n  min-height: 100%;\n  padding: inherit;\n  border-radius: inherit;\n}\n#page .icon-with-text-shortcode.icon-text-id-5292012856030046e8e1a106f6f4d026 .text-icon.dt-icon-bg-on .icon-inner:before,\n#phantom .icon-with-text-shortcode.icon-text-id-5292012856030046e8e1a106f6f4d026 .text-icon.dt-icon-bg-on .icon-inner:before {\n  background: rgba(0,0,0,0.05);\n}\n.icon-with-text-shortcode.icon-text-id-5292012856030046e8e1a106f6f4d026 .text-icon.dt-icon-border-on:before {\n  border-width: 0px;\n  border-style: solid;\n  border-color: rgba(255,255,255,0.5);\n}\n.dt-icon-border-dashed.icon-with-text-shortcode.icon-text-id-5292012856030046e8e1a106f6f4d026 .text-icon.dt-icon-border-on:before {\n  border-style: dashed;\n}\n.dt-icon-border-dotted.icon-with-text-shortcode.icon-text-id-5292012856030046e8e1a106f6f4d026 .text-icon.dt-icon-border-on:before {\n  border-style: dotted;\n}\n.dt-icon-border-double.icon-with-text-shortcode.icon-text-id-5292012856030046e8e1a106f6f4d026 .text-icon.dt-icon-border-on:before {\n  border-style: double;\n}\n.icon-with-text-shortcode.icon-text-id-5292012856030046e8e1a106f6f4d026 .text-icon.dt-icon-border-dashed.dt-icon-border-on:before {\n  border-style: dashed;\n}\n.icon-with-text-shortcode.icon-text-id-5292012856030046e8e1a106f6f4d026 .text-icon.dt-icon-border-dotted.dt-icon-border-on:before {\n  border-style: dotted;\n}\n.icon-with-text-shortcode.icon-text-id-5292012856030046e8e1a106f6f4d026 .text-icon.dt-icon-border-double.dt-icon-border-on:before {\n  border-style: double;\n}\n.icon-with-text-shortcode.icon-text-id-5292012856030046e8e1a106f6f4d026 .text-icon.dt-icon-hover-border-on:after {\n  border-width: 0px;\n  border-style: solid;\n}\n.icon-with-text-shortcode.icon-text-id-5292012856030046e8e1a106f6f4d026 .text-icon.dt-icon-border-dashed.dt-icon-hover-border-on:after {\n  border-style: dashed;\n}\n.icon-with-text-shortcode.icon-text-id-5292012856030046e8e1a106f6f4d026 .text-icon.dt-icon-border-dotted.dt-icon-hover-border-on:after {\n  border-style: dotted;\n}\n.icon-with-text-shortcode.icon-text-id-5292012856030046e8e1a106f6f4d026 .text-icon.dt-icon-border-double.dt-icon-hover-border-on:after {\n  border-style: double;\n}\n.icon-with-text-shortcode.icon-text-id-5292012856030046e8e1a106f6f4d026 .text-icon.dt-icon-hover-on:hover {\n  font-size: 40px;\n}\n#page .icon-with-text-shortcode.icon-text-id-5292012856030046e8e1a106f6f4d026 .text-icon.dt-icon-hover-on:hover .soc-font-icon,\n#phantom .icon-with-text-shortcode.icon-text-id-5292012856030046e8e1a106f6f4d026 .text-icon.dt-icon-hover-on:hover .soc-font-icon,\n#page .icon-with-text-shortcode.icon-text-id-5292012856030046e8e1a106f6f4d026 .text-icon.dt-icon-hover-on:hover .soc-icon,\n#phantom .icon-with-text-shortcode.icon-text-id-5292012856030046e8e1a106f6f4d026 .text-icon.dt-icon-hover-on:hover .soc-icon {\n  color: #fff;\n  background: none;\n}\n.icon-with-text-shortcode.icon-text-id-5292012856030046e8e1a106f6f4d026.layout-1 {\n  grid-template-columns: 90px minmax(0,1fr);\n  grid-column-gap: 0px;\n}\n.icon-with-text-shortcode.icon-text-id-5292012856030046e8e1a106f6f4d026.layout-2 {\n  grid-template-columns: minmax(0,1fr) 90px;\n  grid-column-gap: 0px;\n}\n.icon-with-text-shortcode.icon-text-id-5292012856030046e8e1a106f6f4d026.layout-2 .text-icon {\n  margin-left: 0;\n}\n.icon-with-text-shortcode.icon-text-id-5292012856030046e8e1a106f6f4d026.layout-3 {\n  grid-template-columns: 90px minmax(0,1fr);\n}\n.icon-with-text-shortcode.icon-text-id-5292012856030046e8e1a106f6f4d026.layout-3 .dt-text-title {\n  margin-left: 0px;\n}\n.icon-with-text-shortcode.icon-text-id-5292012856030046e8e1a106f6f4d026 .dt-text-title,\n.icon-with-text-shortcode.icon-text-id-5292012856030046e8e1a106f6f4d026 .dt-text-title a {\n  font-weight: bold;\n}\n.icon-with-text-shortcode.icon-text-id-5292012856030046e8e1a106f6f4d026 .dt-text-title {\n  margin-bottom: 10px;\n}\n.icon-with-text-shortcode.icon-text-id-5292012856030046e8e1a106f6f4d026 .dt-text-desc {\n  margin-bottom: 0px;\n}\n.icon-with-text-shortcode.icon-text-id-5292012856030046e8e1a106f6f4d026 .default-btn-shortcode * {\n  vertical-align: middle;\n}\n<\/style><div class=\"icon-with-text-shortcode  icon-text-id-5292012856030046e8e1a106f6f4d026 layout-5  \" ><span   class=\"text-icon dt-icon-bg-on dt-icon-border-on dt-icon-hover-off\" ><span class=\"icon-inner\"><i class=\"dt-regular-icon soc-icon fas fa-briefcase\"><\/i><i class=\"dt-hover-icon soc-icon fas fa-briefcase\"><\/i><\/span><\/span><h4 class=\"dt-text-title\"  >Trust First<\/h4><div class=\"dt-text-desc\">With our corporate understanding, we protect the rights of our clients and attach importance to confidentiality.<\/div><\/div>[\/vc_column_inner][vc_column_inner width=&#8221;1\/3&#8243;]<style type=\"text\/css\" data-type=\"the7_shortcodes-inline-css\">.icon-with-text-shortcode.icon-text-id-5968746535ae9916bba9a5745fb33f2c .text-icon {\n  width: 90px;\n  height: 90px;\n  line-height: 90px;\n  font-size: 40px;\n  border-radius: 200px;\n  margin: 0px 0px 20px 0px;\n}\n.icon-with-text-shortcode.icon-text-id-5968746535ae9916bba9a5745fb33f2c .text-icon .icon-inner {\n  min-width: 90px;\n  min-height: 90px;\n  border-radius: 200px;\n}\n@media all and (-ms-high-contrast: none) {\n  .icon-with-text-shortcode.icon-text-id-5968746535ae9916bba9a5745fb33f2c .text-icon .icon-inner {\n    height: 90px;\n  }\n}\n.icon-with-text-shortcode.icon-text-id-5968746535ae9916bba9a5745fb33f2c .text-icon .dt-hover-icon {\n  line-height: 90px;\n}\n.icon-with-text-shortcode.icon-text-id-5968746535ae9916bba9a5745fb33f2c .text-icon:before,\n.icon-with-text-shortcode.icon-text-id-5968746535ae9916bba9a5745fb33f2c .text-icon:after,\n.icon-with-text-shortcode.icon-text-id-5968746535ae9916bba9a5745fb33f2c .text-icon .icon-inner:before,\n.icon-with-text-shortcode.icon-text-id-5968746535ae9916bba9a5745fb33f2c .text-icon .icon-inner:after {\n  min-width: 100%;\n  min-height: 100%;\n  padding: inherit;\n  border-radius: inherit;\n}\n#page .icon-with-text-shortcode.icon-text-id-5968746535ae9916bba9a5745fb33f2c .text-icon.dt-icon-bg-on .icon-inner:before,\n#phantom .icon-with-text-shortcode.icon-text-id-5968746535ae9916bba9a5745fb33f2c .text-icon.dt-icon-bg-on .icon-inner:before {\n  background: rgba(0,0,0,0.05);\n}\n.icon-with-text-shortcode.icon-text-id-5968746535ae9916bba9a5745fb33f2c .text-icon.dt-icon-border-on:before {\n  border-width: 0px;\n  border-style: solid;\n}\n.dt-icon-border-dashed.icon-with-text-shortcode.icon-text-id-5968746535ae9916bba9a5745fb33f2c .text-icon.dt-icon-border-on:before {\n  border-style: dashed;\n}\n.dt-icon-border-dotted.icon-with-text-shortcode.icon-text-id-5968746535ae9916bba9a5745fb33f2c .text-icon.dt-icon-border-on:before {\n  border-style: dotted;\n}\n.dt-icon-border-double.icon-with-text-shortcode.icon-text-id-5968746535ae9916bba9a5745fb33f2c .text-icon.dt-icon-border-on:before {\n  border-style: double;\n}\n.icon-with-text-shortcode.icon-text-id-5968746535ae9916bba9a5745fb33f2c .text-icon.dt-icon-border-dashed.dt-icon-border-on:before {\n  border-style: dashed;\n}\n.icon-with-text-shortcode.icon-text-id-5968746535ae9916bba9a5745fb33f2c .text-icon.dt-icon-border-dotted.dt-icon-border-on:before {\n  border-style: dotted;\n}\n.icon-with-text-shortcode.icon-text-id-5968746535ae9916bba9a5745fb33f2c .text-icon.dt-icon-border-double.dt-icon-border-on:before {\n  border-style: double;\n}\n.icon-with-text-shortcode.icon-text-id-5968746535ae9916bba9a5745fb33f2c .text-icon.dt-icon-hover-border-on:after {\n  border-width: 0px;\n  border-style: solid;\n}\n.icon-with-text-shortcode.icon-text-id-5968746535ae9916bba9a5745fb33f2c .text-icon.dt-icon-border-dashed.dt-icon-hover-border-on:after {\n  border-style: dashed;\n}\n.icon-with-text-shortcode.icon-text-id-5968746535ae9916bba9a5745fb33f2c .text-icon.dt-icon-border-dotted.dt-icon-hover-border-on:after {\n  border-style: dotted;\n}\n.icon-with-text-shortcode.icon-text-id-5968746535ae9916bba9a5745fb33f2c .text-icon.dt-icon-border-double.dt-icon-hover-border-on:after {\n  border-style: double;\n}\n.icon-with-text-shortcode.icon-text-id-5968746535ae9916bba9a5745fb33f2c .text-icon.dt-icon-hover-on:hover {\n  font-size: 40px;\n}\n#page .icon-with-text-shortcode.icon-text-id-5968746535ae9916bba9a5745fb33f2c .text-icon.dt-icon-hover-on:hover .soc-font-icon,\n#phantom .icon-with-text-shortcode.icon-text-id-5968746535ae9916bba9a5745fb33f2c .text-icon.dt-icon-hover-on:hover .soc-font-icon,\n#page .icon-with-text-shortcode.icon-text-id-5968746535ae9916bba9a5745fb33f2c .text-icon.dt-icon-hover-on:hover .soc-icon,\n#phantom .icon-with-text-shortcode.icon-text-id-5968746535ae9916bba9a5745fb33f2c .text-icon.dt-icon-hover-on:hover .soc-icon {\n  color: #fff;\n  background: none;\n}\n.icon-with-text-shortcode.icon-text-id-5968746535ae9916bba9a5745fb33f2c.layout-1 {\n  grid-template-columns: 90px minmax(0,1fr);\n  grid-column-gap: 0px;\n}\n.icon-with-text-shortcode.icon-text-id-5968746535ae9916bba9a5745fb33f2c.layout-2 {\n  grid-template-columns: minmax(0,1fr) 90px;\n  grid-column-gap: 0px;\n}\n.icon-with-text-shortcode.icon-text-id-5968746535ae9916bba9a5745fb33f2c.layout-2 .text-icon {\n  margin-left: 0;\n}\n.icon-with-text-shortcode.icon-text-id-5968746535ae9916bba9a5745fb33f2c.layout-3 {\n  grid-template-columns: 90px minmax(0,1fr);\n}\n.icon-with-text-shortcode.icon-text-id-5968746535ae9916bba9a5745fb33f2c.layout-3 .dt-text-title {\n  margin-left: 0px;\n}\n.icon-with-text-shortcode.icon-text-id-5968746535ae9916bba9a5745fb33f2c .dt-text-title,\n.icon-with-text-shortcode.icon-text-id-5968746535ae9916bba9a5745fb33f2c .dt-text-title a {\n  font-weight: bold;\n}\n.icon-with-text-shortcode.icon-text-id-5968746535ae9916bba9a5745fb33f2c .dt-text-title {\n  margin-bottom: 10px;\n}\n.icon-with-text-shortcode.icon-text-id-5968746535ae9916bba9a5745fb33f2c .dt-text-desc {\n  margin-bottom: 0px;\n}\n.icon-with-text-shortcode.icon-text-id-5968746535ae9916bba9a5745fb33f2c .default-btn-shortcode * {\n  vertical-align: middle;\n}\n<\/style><div class=\"icon-with-text-shortcode  icon-text-id-5968746535ae9916bba9a5745fb33f2c layout-5  \" ><span   class=\"text-icon dt-icon-bg-on dt-icon-hover-off\" ><span class=\"icon-inner\"><i class=\"dt-regular-icon soc-icon fas fa-award\"><\/i><i class=\"dt-hover-icon soc-icon fas fa-award\"><\/i><\/span><\/span><h4 class=\"dt-text-title\"  >Experience<\/h4><div class=\"dt-text-desc\">We offer professional services with our team equipped in terms of knowledge and experience.<\/div><\/div>[\/vc_column_inner][\/vc_row_inner][\/vc_column][\/vc_row][vc_row bg_type=&#8221;image&#8221; parallax_style=&#8221;vcpb-vz-jquery&#8221; bg_image_new=&#8221;id^53865|url^https:\/\/the7.io\/main\/wp-content\/uploads\/sites\/39\/2019\/11\/bg-dev-studio-05.jpg|caption^null|alt^null|title^bg-dev-studio-05|description^null&#8221; bg_image_repeat=&#8221;no-repeat&#8221; bg_override=&#8221;ex-full&#8221; enable_overlay=&#8221;enable_overlay_value&#8221; overlay_color=&#8221;rgba(0,0,0,0.5)&#8221; overlay_pattern=&#8221;transperant&#8221; type=&#8221;vc_default&#8221; css=&#8221;.vc_custom_1572695135869{padding-top: 100px !important;padding-bottom: 50px !important;background-color: #000000 !important;}&#8221;][vc_column offset=&#8221;vc_col-lg-offset-0 vc_col-md-offset-0 vc_col-sm-offset-0 vc_col-xs-12&#8243;][vc_row_inner content_placement=&#8221;middle&#8221;][vc_column_inner width=&#8221;1\/2&#8243; css=&#8221;.vc_custom_1572286271908{padding-bottom: 50px !important;}&#8221; offset=&#8221;vc_col-lg-8 vc_col-md-8&#8243;]<div id=\"ultimate-heading-870069e5887dc30a3\" class=\"uvc-heading ult-adjust-bottom-margin ultimate-heading-870069e5887dc30a3 uvc-916 accent-title-color\" data-hspacer=\"no_spacer\"  data-halign=\"left\" style=\"text-align:left\"><div class=\"uvc-heading-spacer no_spacer\" style=\"top\"><\/div><div class=\"uvc-sub-heading ult-responsive\"  data-ultimate-target='.uvc-heading.ultimate-heading-870069e5887dc30a3 .uvc-sub-heading '  data-responsive-json-new='{\"font-size\":\"desktop:46px;tablet_portrait:34px;\",\"line-height\":\"desktop:56px;tablet_portrait:44px;\"}'  style=\"font-weight:bold;color:#ffffff;\"><span class=\"JLqJ4b ChMk0b\" data-language-for-alternatives=\"tr\" data-language-to-translate-into=\"en\" data-phrase-index=\"0\">&#8221; We are waiting for your new ideas &#8220;<\/span><\/div><\/div>[\/vc_column_inner][vc_column_inner width=&#8221;1\/2&#8243; css=&#8221;.vc_custom_1572286278515{padding-bottom: 50px !important;}&#8221; offset=&#8221;vc_col-lg-4 vc_col-md-4&#8243;]<style type=\"text\/css\" data-type=\"the7_shortcodes-inline-css\">#default-btn-6b47d9c599bb4fee93a9f4daf315f2cc {\n  border-radius: 0px;\n  font-size: 24px;\n  line-height: 26px;\n}\n.btn-shadow#default-btn-6b47d9c599bb4fee93a9f4daf315f2cc {\n  box-shadow: 0 1px 6px rgba(0,0,0,0.12);\n  transition: box-shadow 0.2s ease-out, opacity 0.45s;\n}\n.btn-shadow#default-btn-6b47d9c599bb4fee93a9f4daf315f2cc:hover {\n  box-shadow: 0 5px 11px 0 rgba(0,0,0,0.18), 0 4px 15px 0 rgba(0,0,0,0.15);\n}\n.btn-flat#default-btn-6b47d9c599bb4fee93a9f4daf315f2cc {\n  box-shadow: none;\n}\n.btn-flat#default-btn-6b47d9c599bb4fee93a9f4daf315f2cc:hover {\n  box-shadow: none;\n}\n#default-btn-6b47d9c599bb4fee93a9f4daf315f2cc.ico-right-side > i {\n  margin-right: 0px;\n  margin-left: 8px;\n}\n#default-btn-6b47d9c599bb4fee93a9f4daf315f2cc > i {\n  margin-right: 8px;\n  font-size: 24px;\n}\n#default-btn-6b47d9c599bb4fee93a9f4daf315f2cc:not(:hover) {\n  border-width: 0px;\n  color: #ffffff;\n  padding: 26px 10px 26px 10px;\n}\n#default-btn-6b47d9c599bb4fee93a9f4daf315f2cc:not(:hover) * {\n  color: #ffffff;\n}\n#default-btn-6b47d9c599bb4fee93a9f4daf315f2cc:hover {\n  border-width: 0px;\n  padding: 26px 10px 26px 10px;\n}\n#default-btn-6b47d9c599bb4fee93a9f4daf315f2cc.ico-right-side > i {\n  margin-right: 0px;\n  margin-left: 8px;\n}\n#default-btn-6b47d9c599bb4fee93a9f4daf315f2cc > i {\n  margin-right: 8px;\n}\n#default-btn-6b47d9c599bb4fee93a9f4daf315f2cc * {\n  vertical-align: middle;\n}\n<\/style><div class=\"btn-align-center\"><a href=\"http:\/\/www.aspendospatent.com\/en\/contact\/\" class=\"default-btn-shortcode dt-btn link-hover-off anchor-link full-width-btn btn-flat \" id=\"default-btn-6b47d9c599bb4fee93a9f4daf315f2cc\" title=\"\u0130LET\u0130\u015e\u0130M\"><span>Contact us!<\/span><\/a><\/div>[\/vc_column_inner][\/vc_row_inner][\/vc_column][\/vc_row]<\/p>\n","protected":false},"excerpt":{"rendered":"<p>[vc_row full_height=&#8221;yes&#8221; bg_type=&#8221;image&#8221; parallax_style=&#8221;vcpb-vz-jquery&#8221; bg_image_new=&#8221;id^57586|url^http:\/\/www.aspendospatent.com\/wp-content\/uploads\/2020\/12\/aspendos_patent_main.jpg|caption^null|alt^null|title^aspendos_patent_main|description^null&#8221; bg_image_repeat=&#8221;no-repeat&#8221; bg_override=&#8221;full&#8221; enable_overlay=&#8221;enable_overlay_value&#8221; overlay_color=&#8221;rgba(0,0,0,0.5)&#8221; type=&#8221;vc_default&#8221; css=&#8221;.vc_custom_1608487807710{padding-top: 50px !important;padding-bottom: 50px !important;background-color: #000000 !important;}&#8221;][vc_column css=&#8221;.vc_custom_1572695028731{padding-top: 10% !important;}&#8221;][vc_row_inner content_placement=&#8221;middle&#8221;][vc_column_inner width=&#8221;1\/2&#8243; offset=&#8221;vc_col-lg-8 vc_col-md-7 vc_col-xs-12&#8243; css=&#8221;.vc_custom_1572695046158{margin-bottom: 80px !important;}&#8221;][\/vc_column_inner][\/vc_row_inner][\/vc_column][vc_column width=&#8221;1\/2&#8243; css=&#8221;.vc_custom_1572694519376{margin-bottom: 30px !important;margin-left: 25px !important;border-left-width: 5px !important;padding-top: 5px !important;padding-left: 25px !important;border-left-color: rgba(255,255,255,0.3) !important;border-left-style: solid !important;}&#8221; offset=&#8221;vc_col-lg-3 vc_col-md-3&#8243;][\/vc_column][\/vc_row][vc_row type=&#8221;vc_default&#8221; css=&#8221;.vc_custom_1572696203743{padding-top: 90px !important;padding-bottom: 70px !important;}&#8221;][vc_column offset=&#8221;vc_col-lg-offset-0 vc_col-lg-12 vc_col-md-offset-0&hellip;<\/p>\n","protected":false},"author":1,"featured_media":0,"parent":0,"menu_order":50,"comment_status":"closed","ping_status":"closed","template":"template-microsite.php","meta":[],"class_list":["post-57642","page","type-page","status-publish","hentry","description-off"],"aioseo_notices":[],"_links":{"self":[{"href":"https:\/\/www.aspendospatent.com\/en\/wp-json\/wp\/v2\/pages\/57642","targetHints":{"allow":["GET"]}}],"collection":[{"href":"https:\/\/www.aspendospatent.com\/en\/wp-json\/wp\/v2\/pages"}],"about":[{"href":"https:\/\/www.aspendospatent.com\/en\/wp-json\/wp\/v2\/types\/page"}],"author":[{"embeddable":true,"href":"https:\/\/www.aspendospatent.com\/en\/wp-json\/wp\/v2\/users\/1"}],"replies":[{"embeddable":true,"href":"https:\/\/www.aspendospatent.com\/en\/wp-json\/wp\/v2\/comments?post=57642"}],"version-history":[{"count":9,"href":"https:\/\/www.aspendospatent.com\/en\/wp-json\/wp\/v2\/pages\/57642\/revisions"}],"predecessor-version":[{"id":58204,"href":"https:\/\/www.aspendospatent.com\/en\/wp-json\/wp\/v2\/pages\/57642\/revisions\/58204"}],"wp:attachment":[{"href":"https:\/\/www.aspendospatent.com\/en\/wp-json\/wp\/v2\/media?parent=57642"}],"curies":[{"name":"wp","href":"https:\/\/api.w.org\/{rel}","templated":true}]}}